{"id":10,"date":"2025-04-03T17:32:06","date_gmt":"2025-04-03T14:32:06","guid":{"rendered":"https:\/\/balticrest.com\/chat-restaurant-et\/?page_id=10"},"modified":"2026-03-17T10:13:12","modified_gmt":"2026-03-17T08:13:12","slug":"main","status":"publish","type":"page","link":"https:\/\/www.chat.restaurant\/eesti\/","title":{"rendered":"\u00dctle, mida soovid"},"content":{"rendered":"\n<div class=\"wp-block-columns is-layout-flex wp-container-core-columns-is-layout-28f84493 wp-block-columns-is-layout-flex\">\n<div class=\"wp-block-column is-layout-flow wp-block-column-is-layout-flow\" style=\"flex-basis:66.66%\">\n<h1 class=\"wp-block-heading\"><strong>Itaalia l\u00f5unad Rotermanni s\u00fcdames<\/strong><\/h1>\n\n\n\n<h2 class=\"wp-block-heading\">Meist<\/h2>\n\n\n\n\n\n\n\n\n\n\n\n<p>\u00dctle, mida soovid. Meie teeme \u00fclej\u00e4\u00e4nu.<br>Koosta oma Itaalia l\u00f5una just nii, nagu sulle meeldib<\/p>\n\n\n\n<p>Vali\u00a0 salat <strong>5.90\u20ac<\/strong> v\u00f5i pasta <strong>8.90\u20ac<\/strong><br>Soovi korral lisa meelep\u00e4rane lisand kana +4\u20ac, l\u00f5he +5\u20ac, juust +4\u20ac<\/p>\n\n\n\n<p>V\u00f5i vali mugav kombo:<br><strong>SOLO<\/strong> \u2013 pasta + kohv\/tee \u2014 <strong>11.90 \u20ac<\/strong><br><strong>DUETTO<\/strong> \u2013 salat + pasta + kohv\/tee \u2014 <strong>13.90 \u20ac<\/strong><br><strong>TRIO<\/strong> \u2013 salat + pasta + magus + kohv\/tee \u2014 <strong>16.90 \u20ac<\/strong><\/p>\n\n\n\n<p>P\u00e4evased l\u00f5unad sobivad ideaalselt kiireks pausiks keset t\u00f6\u00f6p\u00e4eva, kuid lisaks ootab sind ka \u00e0 la carte men\u00fc\u00fc, kui soovid v\u00f5tta rohkem aega ja nautida Itaalia k\u00f6\u00f6ki veidi pikemalt. Nii on meil alati midagi nii neile, kes astuvad l\u00e4bi kiirele l\u00f5unale, kui ka neile, kes otsivad m\u00f5nusat maitsekogemust Rotermanni s\u00fcdames.<\/p>\n\n\n\n<p><strong>Kiire, v\u00e4rske, taskukohane<\/strong> \u2014 just selline on meie Itaalia l\u00f5una iga p\u00e4ev.<br><strong>Autentsed Itaalia maitsed, mis vahetuvad iga p\u00e4ev<\/strong> \u2014 et sul oleks alati p\u00f5hjust tagasi tulla.<\/p>\n<\/div>\n\n\n\n<div class=\"wp-block-column is-layout-flow wp-block-column-is-layout-flow\" style=\"flex-basis:33.33%\">\n<div class=\"wp-block-group div-location has-background is-vertical is-layout-flex wp-container-core-group-is-layout-9a41ab9d wp-block-group-is-layout-flex\" style=\"background-color:#fbede2;padding-top:20px;padding-right:20px;padding-bottom:20px;padding-left:20px\">\n<div class=\"wp-block-group is-nowrap is-layout-flex wp-container-core-group-is-layout-6c531013 wp-block-group-is-layout-flex\">\n<figure class=\"wp-block-image size-large\"><img decoding=\"async\" width=\"21\" height=\"28\" src=\"https:\/\/www.chat.restaurant\/eesti\/wp-content\/uploads\/sites\/11\/2026\/01\/Adrese.svg\" alt=\"\" class=\"wp-image-384\" \/><\/figure>\n\n\n\n<p>Metropol Spa Hotel, Roseni 9, Tallinn<\/p>\n<\/div>\n\n\n\n<div class=\"wp-block-group is-nowrap is-layout-flex wp-container-core-group-is-layout-6c531013 wp-block-group-is-layout-flex\">\n<figure class=\"wp-block-image size-large\"><img decoding=\"async\" width=\"23\" height=\"24\" src=\"https:\/\/www.chat.restaurant\/eesti\/wp-content\/uploads\/sites\/11\/2026\/01\/Darbalaiks.svg\" alt=\"\" class=\"wp-image-385\" \/><\/figure>\n\n\n\n<p>Oleme avatud<br>E-P 12:00-23:00<br><br>L\u00f5unapasta <br>alates 18.03.2026<br>E-R 12:00-15:00<br><br>A la carte <br>alates 25.03.2026<br>E-P 12:00-22:00<\/p>\n\n\n\n<p> <br><\/p>\n<\/div>\n\n\n\n<div class=\"wp-block-group is-nowrap is-layout-flex wp-container-core-group-is-layout-6c531013 wp-block-group-is-layout-flex\">\n<figure class=\"wp-block-image size-large\"><img decoding=\"async\" width=\"25\" height=\"19\" src=\"https:\/\/www.chat.restaurant\/eesti\/wp-content\/uploads\/sites\/11\/2026\/01\/Epasts.svg\" alt=\"\" class=\"wp-image-386\" \/><\/figure>\n\n\n\n<p><a href=\"mailto:metropol.tallinn@chat.restaurant\"><a href=\"mailto:metropol.info@chat.restaurant\">metropol.info@chat.restaurant<\/a><\/a><\/p>\n<\/div>\n\n\n\n<div class=\"wp-block-group is-nowrap is-layout-flex wp-container-core-group-is-layout-6c531013 wp-block-group-is-layout-flex\">\n<div class=\"wp-block-group is-nowrap is-layout-flex wp-container-core-group-is-layout-6c531013 wp-block-group-is-layout-flex\">\n<figure class=\"wp-block-image size-large\"><img loading=\"lazy\" decoding=\"async\" width=\"19\" height=\"30\" src=\"https:\/\/www.chat.restaurant\/eesti\/wp-content\/uploads\/sites\/11\/2026\/01\/Talr.svg\" alt=\"\" class=\"wp-image-387\" \/><\/figure>\n\n\n\n<p>+372 5388 0893<\/p>\n<\/div>\n<\/div>\n\n\n\n<div class=\"wp-block-group is-nowrap is-layout-flex wp-container-core-group-is-layout-6c531013 wp-block-group-is-layout-flex\">\n<figure class=\"wp-block-image size-large\"><img loading=\"lazy\" decoding=\"async\" width=\"30\" height=\"20\" src=\"https:\/\/www.chat.restaurant\/eesti\/wp-content\/uploads\/sites\/11\/2026\/03\/meal_icon_brown.svg\" alt=\"\" class=\"wp-image-458\" \/><\/figure>\n\n\n\n<p> <a href=\"https:\/\/www.chat.restaurant\/eesti\/lunch_pasta\/\">L\u00f5unapasta<\/a><\/p>\n<\/div>\n\n\n\n<div class=\"wp-block-group is-nowrap is-layout-flex wp-container-core-group-is-layout-6c531013 wp-block-group-is-layout-flex\">\n<figure class=\"wp-block-image size-large\"><img loading=\"lazy\" decoding=\"async\" width=\"30\" height=\"20\" src=\"https:\/\/www.chat.restaurant\/eesti\/wp-content\/uploads\/sites\/11\/2026\/03\/meal_icon_brown.svg\" alt=\"\" class=\"wp-image-458\" \/><\/figure>\n\n\n\n<p> <a href=\"https:\/\/www.chat.restaurant\/eesti\/alacarte\/\">\u00c0 la carte<\/a><\/p>\n<\/div>\n\n\n\n<div class=\"wp-block-group is-nowrap is-layout-flex wp-container-core-group-is-layout-6c531013 wp-block-group-is-layout-flex\">\n<figure class=\"wp-block-image size-large\"><img loading=\"lazy\" decoding=\"async\" width=\"36\" height=\"30\" src=\"https:\/\/www.chat.restaurant\/eesti\/wp-content\/uploads\/sites\/11\/2026\/03\/glass.svg\" alt=\"\" class=\"wp-image-454\" \/><\/figure>\n\n\n\n<p><a href=\"https:\/\/www.chat.restaurant\/eesti\/drink_menu\/\" id=\"https:\/\/www.chat.restaurant\/eesti\/drink_menu\/\">Joogikaart<\/a><\/p>\n<\/div>\n<\/div>\n\n\n\n<div class=\"wp-block-buttons is-content-justification-left is-layout-flex wp-container-core-buttons-is-layout-fc4fd283 wp-block-buttons-is-layout-flex\">\n<div class=\"wp-block-button has-custom-width wp-block-button__width-100 is-style-fill action-button\"><a class=\"wp-block-button__link has-white-color has-text-color has-background has-link-color wp-element-button\" href=\"https:\/\/balticrest.com\/eesti\/karjaar\/\" style=\"border-radius:0px;background-color:#522d24\" target=\"_blank\" rel=\"noreferrer noopener\">T\u00f6\u00f6pakkumised<\/a><\/div>\n<\/div>\n<\/div>\n<\/div>\n\n\n\n<p><\/p>\n","protected":false},"excerpt":{"rendered":"<p>Itaalia l\u00f5unad Rotermanni s\u00fcdames Meist \u00dctle, mida soovid. Meie teeme \u00fclej\u00e4\u00e4nu.Koosta oma Itaalia l\u00f5una just nii, nagu sulle meeldib Vali\u00a0 salat 5.90\u20ac v\u00f5i pasta 8.90\u20acSoovi korral lisa meelep\u00e4rane lisand kana +4\u20ac, l\u00f5he +5\u20ac, juust +4\u20ac V\u00f5i vali mugav kombo:SOLO \u2013 pasta + kohv\/tee \u2014 11.90 \u20acDUETTO \u2013 salat + pasta + kohv\/tee \u2014 13.90 \u20acTRIO [&hellip;]<\/p>\n","protected":false},"author":1,"featured_media":0,"parent":0,"menu_order":0,"comment_status":"closed","ping_status":"closed","template":"","meta":{"_acf_changed":false,"inline_featured_image":false,"_exactmetrics_skip_tracking":false,"_exactmetrics_sitenote_active":false,"_exactmetrics_sitenote_note":"","_exactmetrics_sitenote_category":0,"footnotes":""},"class_list":["post-10","page","type-page","status-publish","hentry"],"acf":[],"yoast_head":"<!-- This site is optimized with the Yoast SEO plugin v27.4 - https:\/\/yoast.com\/product\/yoast-seo-wordpress\/ -->\n<title>Chat Restoran - \u00dctle, mida soovid<\/title>\n<meta name=\"robots\" content=\"index, follow, max-snippet:-1, max-image-preview:large, max-video-preview:-1\" \/>\n<link rel=\"canonical\" href=\"https:\/\/www.chat.restaurant\/eesti\/\" \/>\n<meta property=\"og:locale\" content=\"en_US\" \/>\n<meta property=\"og:type\" content=\"article\" \/>\n<meta property=\"og:title\" content=\"Chat Restoran - \u00dctle, mida soovid\" \/>\n<meta property=\"og:description\" content=\"Itaalia l\u00f5unad Rotermanni s\u00fcdames Meist \u00dctle, mida soovid. Meie teeme \u00fclej\u00e4\u00e4nu.Koosta oma Itaalia l\u00f5una just nii, nagu sulle meeldib Vali\u00a0 salat 5.90\u20ac v\u00f5i pasta 8.90\u20acSoovi korral lisa meelep\u00e4rane lisand kana +4\u20ac, l\u00f5he +5\u20ac, juust +4\u20ac V\u00f5i vali mugav kombo:SOLO \u2013 pasta + kohv\/tee \u2014 11.90 \u20acDUETTO \u2013 salat + pasta + kohv\/tee \u2014 13.90 \u20acTRIO [&hellip;]\" \/>\n<meta property=\"og:url\" content=\"https:\/\/www.chat.restaurant\/eesti\/\" \/>\n<meta property=\"og:site_name\" content=\"Chat Restoran - \u00dctle, mida soovid\" \/>\n<meta property=\"article:modified_time\" content=\"2026-03-17T08:13:12+00:00\" \/>\n<meta name=\"twitter:card\" content=\"summary_large_image\" \/>\n<meta name=\"twitter:label1\" content=\"Est. reading time\" \/>\n\t<meta name=\"twitter:data1\" content=\"4 minutes\" \/>\n<script type=\"application\/ld+json\" class=\"yoast-schema-graph\">{\"@context\":\"https:\\\/\\\/schema.org\",\"@graph\":[{\"@type\":\"WebPage\",\"@id\":\"https:\\\/\\\/www.chat.restaurant\\\/eesti\\\/\",\"url\":\"https:\\\/\\\/www.chat.restaurant\\\/eesti\\\/\",\"name\":\"Chat Restoran - \u00dctle, mida soovid\",\"isPartOf\":{\"@id\":\"https:\\\/\\\/www.chat.restaurant\\\/eesti\\\/#website\"},\"primaryImageOfPage\":{\"@id\":\"https:\\\/\\\/www.chat.restaurant\\\/eesti\\\/#primaryimage\"},\"image\":{\"@id\":\"https:\\\/\\\/www.chat.restaurant\\\/eesti\\\/#primaryimage\"},\"thumbnailUrl\":\"https:\\\/\\\/www.chat.restaurant\\\/eesti\\\/wp-content\\\/uploads\\\/sites\\\/11\\\/2026\\\/01\\\/Adrese.svg\",\"datePublished\":\"2025-04-03T14:32:06+00:00\",\"dateModified\":\"2026-03-17T08:13:12+00:00\",\"breadcrumb\":{\"@id\":\"https:\\\/\\\/www.chat.restaurant\\\/eesti\\\/#breadcrumb\"},\"inLanguage\":\"en-US\",\"potentialAction\":[{\"@type\":\"ReadAction\",\"target\":[\"https:\\\/\\\/www.chat.restaurant\\\/eesti\\\/\"]}]},{\"@type\":\"ImageObject\",\"inLanguage\":\"en-US\",\"@id\":\"https:\\\/\\\/www.chat.restaurant\\\/eesti\\\/#primaryimage\",\"url\":\"https:\\\/\\\/www.chat.restaurant\\\/eesti\\\/wp-content\\\/uploads\\\/sites\\\/11\\\/2026\\\/01\\\/Adrese.svg\",\"contentUrl\":\"https:\\\/\\\/www.chat.restaurant\\\/eesti\\\/wp-content\\\/uploads\\\/sites\\\/11\\\/2026\\\/01\\\/Adrese.svg\",\"width\":21,\"height\":28},{\"@type\":\"BreadcrumbList\",\"@id\":\"https:\\\/\\\/www.chat.restaurant\\\/eesti\\\/#breadcrumb\",\"itemListElement\":[{\"@type\":\"ListItem\",\"position\":1,\"name\":\"Home\",\"item\":\"https:\\\/\\\/www.chat.restaurant\\\/eesti\\\/\"},{\"@type\":\"ListItem\",\"position\":2,\"name\":\"\u00dctle, mida soovid\"}]},{\"@type\":\"WebSite\",\"@id\":\"https:\\\/\\\/www.chat.restaurant\\\/eesti\\\/#website\",\"url\":\"https:\\\/\\\/www.chat.restaurant\\\/eesti\\\/\",\"name\":\"Chat Restoran - \u00dctle, mida soovid\",\"description\":\"\",\"publisher\":{\"@id\":\"https:\\\/\\\/www.chat.restaurant\\\/eesti\\\/#organization\"},\"potentialAction\":[{\"@type\":\"SearchAction\",\"target\":{\"@type\":\"EntryPoint\",\"urlTemplate\":\"https:\\\/\\\/www.chat.restaurant\\\/eesti\\\/?s={search_term_string}\"},\"query-input\":{\"@type\":\"PropertyValueSpecification\",\"valueRequired\":true,\"valueName\":\"search_term_string\"}}],\"inLanguage\":\"en-US\"},{\"@type\":\"Organization\",\"@id\":\"https:\\\/\\\/www.chat.restaurant\\\/eesti\\\/#organization\",\"name\":\"Chat Restoran - \u00dctle, mida soovid\",\"url\":\"https:\\\/\\\/www.chat.restaurant\\\/eesti\\\/\",\"logo\":{\"@type\":\"ImageObject\",\"inLanguage\":\"en-US\",\"@id\":\"https:\\\/\\\/www.chat.restaurant\\\/eesti\\\/#\\\/schema\\\/logo\\\/image\\\/\",\"url\":\"https:\\\/\\\/www.chat.restaurant\\\/eesti\\\/wp-content\\\/uploads\\\/sites\\\/11\\\/2025\\\/04\\\/Chat-Header-Logo.svg\",\"contentUrl\":\"https:\\\/\\\/www.chat.restaurant\\\/eesti\\\/wp-content\\\/uploads\\\/sites\\\/11\\\/2025\\\/04\\\/Chat-Header-Logo.svg\",\"width\":128,\"height\":50,\"caption\":\"Chat Restoran - \u00dctle, mida soovid\"},\"image\":{\"@id\":\"https:\\\/\\\/www.chat.restaurant\\\/eesti\\\/#\\\/schema\\\/logo\\\/image\\\/\"}}]}<\/script>\n<!-- \/ Yoast SEO plugin. -->","yoast_head_json":{"title":"Chat Restoran - \u00dctle, mida soovid","robots":{"index":"index","follow":"follow","max-snippet":"max-snippet:-1","max-image-preview":"max-image-preview:large","max-video-preview":"max-video-preview:-1"},"canonical":"https:\/\/www.chat.restaurant\/eesti\/","og_locale":"en_US","og_type":"article","og_title":"Chat Restoran - \u00dctle, mida soovid","og_description":"Itaalia l\u00f5unad Rotermanni s\u00fcdames Meist \u00dctle, mida soovid. Meie teeme \u00fclej\u00e4\u00e4nu.Koosta oma Itaalia l\u00f5una just nii, nagu sulle meeldib Vali\u00a0 salat 5.90\u20ac v\u00f5i pasta 8.90\u20acSoovi korral lisa meelep\u00e4rane lisand kana +4\u20ac, l\u00f5he +5\u20ac, juust +4\u20ac V\u00f5i vali mugav kombo:SOLO \u2013 pasta + kohv\/tee \u2014 11.90 \u20acDUETTO \u2013 salat + pasta + kohv\/tee \u2014 13.90 \u20acTRIO [&hellip;]","og_url":"https:\/\/www.chat.restaurant\/eesti\/","og_site_name":"Chat Restoran - \u00dctle, mida soovid","article_modified_time":"2026-03-17T08:13:12+00:00","twitter_card":"summary_large_image","twitter_misc":{"Est. reading time":"4 minutes"},"schema":{"@context":"https:\/\/schema.org","@graph":[{"@type":"WebPage","@id":"https:\/\/www.chat.restaurant\/eesti\/","url":"https:\/\/www.chat.restaurant\/eesti\/","name":"Chat Restoran - \u00dctle, mida soovid","isPartOf":{"@id":"https:\/\/www.chat.restaurant\/eesti\/#website"},"primaryImageOfPage":{"@id":"https:\/\/www.chat.restaurant\/eesti\/#primaryimage"},"image":{"@id":"https:\/\/www.chat.restaurant\/eesti\/#primaryimage"},"thumbnailUrl":"https:\/\/www.chat.restaurant\/eesti\/wp-content\/uploads\/sites\/11\/2026\/01\/Adrese.svg","datePublished":"2025-04-03T14:32:06+00:00","dateModified":"2026-03-17T08:13:12+00:00","breadcrumb":{"@id":"https:\/\/www.chat.restaurant\/eesti\/#breadcrumb"},"inLanguage":"en-US","potentialAction":[{"@type":"ReadAction","target":["https:\/\/www.chat.restaurant\/eesti\/"]}]},{"@type":"ImageObject","inLanguage":"en-US","@id":"https:\/\/www.chat.restaurant\/eesti\/#primaryimage","url":"https:\/\/www.chat.restaurant\/eesti\/wp-content\/uploads\/sites\/11\/2026\/01\/Adrese.svg","contentUrl":"https:\/\/www.chat.restaurant\/eesti\/wp-content\/uploads\/sites\/11\/2026\/01\/Adrese.svg","width":21,"height":28},{"@type":"BreadcrumbList","@id":"https:\/\/www.chat.restaurant\/eesti\/#breadcrumb","itemListElement":[{"@type":"ListItem","position":1,"name":"Home","item":"https:\/\/www.chat.restaurant\/eesti\/"},{"@type":"ListItem","position":2,"name":"\u00dctle, mida soovid"}]},{"@type":"WebSite","@id":"https:\/\/www.chat.restaurant\/eesti\/#website","url":"https:\/\/www.chat.restaurant\/eesti\/","name":"Chat Restoran - \u00dctle, mida soovid","description":"","publisher":{"@id":"https:\/\/www.chat.restaurant\/eesti\/#organization"},"potentialAction":[{"@type":"SearchAction","target":{"@type":"EntryPoint","urlTemplate":"https:\/\/www.chat.restaurant\/eesti\/?s={search_term_string}"},"query-input":{"@type":"PropertyValueSpecification","valueRequired":true,"valueName":"search_term_string"}}],"inLanguage":"en-US"},{"@type":"Organization","@id":"https:\/\/www.chat.restaurant\/eesti\/#organization","name":"Chat Restoran - \u00dctle, mida soovid","url":"https:\/\/www.chat.restaurant\/eesti\/","logo":{"@type":"ImageObject","inLanguage":"en-US","@id":"https:\/\/www.chat.restaurant\/eesti\/#\/schema\/logo\/image\/","url":"https:\/\/www.chat.restaurant\/eesti\/wp-content\/uploads\/sites\/11\/2025\/04\/Chat-Header-Logo.svg","contentUrl":"https:\/\/www.chat.restaurant\/eesti\/wp-content\/uploads\/sites\/11\/2025\/04\/Chat-Header-Logo.svg","width":128,"height":50,"caption":"Chat Restoran - \u00dctle, mida soovid"},"image":{"@id":"https:\/\/www.chat.restaurant\/eesti\/#\/schema\/logo\/image\/"}}]}},"_links":{"self":[{"href":"https:\/\/www.chat.restaurant\/eesti\/wp-json\/wp\/v2\/pages\/10","targetHints":{"allow":["GET"]}}],"collection":[{"href":"https:\/\/www.chat.restaurant\/eesti\/wp-json\/wp\/v2\/pages"}],"about":[{"href":"https:\/\/www.chat.restaurant\/eesti\/wp-json\/wp\/v2\/types\/page"}],"author":[{"embeddable":true,"href":"https:\/\/www.chat.restaurant\/eesti\/wp-json\/wp\/v2\/users\/1"}],"replies":[{"embeddable":true,"href":"https:\/\/www.chat.restaurant\/eesti\/wp-json\/wp\/v2\/comments?post=10"}],"version-history":[{"count":48,"href":"https:\/\/www.chat.restaurant\/eesti\/wp-json\/wp\/v2\/pages\/10\/revisions"}],"predecessor-version":[{"id":495,"href":"https:\/\/www.chat.restaurant\/eesti\/wp-json\/wp\/v2\/pages\/10\/revisions\/495"}],"wp:attachment":[{"href":"https:\/\/www.chat.restaurant\/eesti\/wp-json\/wp\/v2\/media?parent=10"}],"curies":[{"name":"wp","href":"https:\/\/api.w.org\/{rel}","templated":true}]}}